{"id":1155,"date":"2018-12-04T11:00:57","date_gmt":"2018-12-04T10:00:57","guid":{"rendered":"https:\/\/v1-neutramm.de\/warenkorb\/"},"modified":"2019-04-27T17:08:59","modified_gmt":"2019-04-27T15:08:59","slug":"warenkorb","status":"publish","type":"page","link":"https:\/\/v1-neutramm.de\/fr\/warenkorb\/","title":{"rendered":"Warenkorb"},"content":{"rendered":"<div id=\"cs-content\" class=\"cs-content\" ><div id=\"x-section-1\" class=\"x-section bg-image\" style=\"margin: 0px;padding: 5% 0px 3%;background-position: center bottom; background-image: url(https:\/\/v1-neutramm.de\/wp-content\/uploads\/2018\/11\/bg-v1-neu.jpg); background-color: #ffffff;\"  data-x-element=\"section\" data-x-params=\"{&quot;type&quot;:&quot;image&quot;,&quot;parallax&quot;:false}\" ><div class=\"x-container cs-ta-center max width\" style=\"margin: 0px auto;padding: 0px;\"  ><div  class=\"x-column x-sm x-1-1\" style=\"padding: 0px;\" ><h1  class=\"h-custom-headline man h2\" style=\"color: hsl(0, 0%, 100%);\"><span>Panier<\/span><\/h1>\n<hr class=\"e1155-5 x-line\" >\n<hr class=\"e1155-6 x-line\" >\n<hr class=\"e1155-7 x-line\" ><\/div><\/div><\/div><div id=\"x-section-2\" class=\"x-section\" style=\"margin: 0px;padding: 2% 0px; background-color: hsl(0, 0%, 100%);\"  ><div class=\"x-section-separator x-section-separator-top x-section-separator-angle-in\" style=\"top: 0px; height: 50px;\"><svg xmlns=\"http:\/\/www.w3.org\/2000\/svg\" version=\"1.1\" viewBox=\"0 0 100 100\" preserveAspectRatio=\"none\" class=\"angle-top-in\" style=\"fill: hsl(0, 0%, 100%);\"><polygon points=\"0,100 50,100 0,0\"\/><polygon points=\"50,100 100,100 100,0\"\/><\/svg><\/div><div class=\"x-container max width\" style=\"margin: 0px auto;padding: 0px;\"  ><div  class=\"x-column x-sm x-1-1\" style=\"padding: 0px;\" ><h2  class=\"h-custom-headline man h2\" style=\"color: #000;\"><span>Votre panier:<br \/>\n<center><br \/>\n&nbsp;<a href=\"https:\/\/www.facebook.com\/v1neutramm\/\" target=\"_blank\" style=\"text-decoration:underline;color:#21469F;font-size:26px;\">Ici remise sp\u00e9ciale de 5 % disponible seulement par Facebook<\/a><\/center><\/p>\n<\/span><\/h2>\n<hr class=\"e1155-17 x-line\" ><div class=\"x-text cs-ta-justify\" style=\"color: #000;\"  ><p><b style=\"color:#c80000;font-size:26px;\">Veuillez noter qu\u2019aucun paiement par carte n\u2019est propos\u00e9 pour l\u2019\u00e9dition de base 3D. \u00c0 la caisse, le paiement fractionn\u00e9 ne figure plus pour l\u2019\u00e9dition de base 3D.<\/b><\/p>\n<p><div class=\"woocommerce\"><div class=\"woocommerce-notices-wrapper\"><\/div><p class=\"cart-empty\">Ihr Warenkorb ist gegenw\u00e4rtig leer.<\/p>\t<p class=\"return-to-shop\">\n\t\t<a class=\"button wc-backward\" href=\"https:\/\/v1-neutramm.de\/shop\/\">\n\t\t\tZur\u00fcck zum Shop\t\t<\/a>\n\t<\/p>\n<\/div><\/p>\n<\/div><\/div><\/div><div class=\"x-section-separator x-section-separator-bottom x-section-separator-angle-in\" style=\"bottom: 0px; height: 50px;\"><svg xmlns=\"http:\/\/www.w3.org\/2000\/svg\" version=\"1.1\" viewBox=\"0 0 100 100\" preserveAspectRatio=\"none\" class=\"angle-bottom-in\" style=\"fill: hsl(0, 0%, 100%);\"><polygon points=\"0,0 50,0 0,100\"\/><polygon points=\"50,0 100,0 100,100\"\/><\/svg><\/div><\/div><\/div>\n","protected":false},"excerpt":{"rendered":"","protected":false},"author":1,"featured_media":0,"parent":0,"menu_order":0,"comment_status":"closed","ping_status":"closed","template":"template-blank-4.php","meta":{"_monsterinsights_skip_tracking":false,"_monsterinsights_sitenote_active":false,"_monsterinsights_sitenote_note":"","_monsterinsights_sitenote_category":0,"spay_email":""},"jetpack_shortlink":"https:\/\/wp.me\/Patrgq-iD","_links":{"self":[{"href":"https:\/\/v1-neutramm.de\/fr\/wp-json\/wp\/v2\/pages\/1155\/"}],"collection":[{"href":"https:\/\/v1-neutramm.de\/fr\/wp-json\/wp\/v2\/pages\/"}],"about":[{"href":"https:\/\/v1-neutramm.de\/fr\/wp-json\/wp\/v2\/types\/page\/"}],"author":[{"embeddable":true,"href":"https:\/\/v1-neutramm.de\/fr\/wp-json\/wp\/v2\/users\/1\/"}],"replies":[{"embeddable":true,"href":"https:\/\/v1-neutramm.de\/fr\/wp-json\/wp\/v2\/comments\/?post=1155"}],"version-history":[{"count":6,"href":"https:\/\/v1-neutramm.de\/fr\/wp-json\/wp\/v2\/pages\/1155\/revisions\/"}],"predecessor-version":[{"id":2271,"href":"https:\/\/v1-neutramm.de\/fr\/wp-json\/wp\/v2\/pages\/1155\/revisions\/2271\/"}],"wp:attachment":[{"href":"https:\/\/v1-neutramm.de\/fr\/wp-json\/wp\/v2\/media\/?parent=1155"}],"curies":[{"name":"wp","href":"https:\/\/api.w.org\/{rel}","templated":true}]}}