{"id":1169,"date":"2018-10-24T13:02:40","date_gmt":"2018-10-24T11:02:40","guid":{"rendered":"https:\/\/v1-neutramm.de\/produkt\/v1-steine\/"},"modified":"2019-04-27T16:09:56","modified_gmt":"2019-04-27T14:09:56","slug":"v1-steine","status":"publish","type":"product","link":"https:\/\/v1-neutramm.de\/fr\/produkt\/v1-steine\/","title":{"rendered":"\u00c9dition \u00a0exclusive \u00a0du \u00a0V1 \u00a0pour \u00a0collectionneur"},"content":{"rendered":"<p><strong>Briques originales provenant des b\u00e2timents<br \/>\ndans lesquels s\u2019est fait le montage final des V1<\/strong><\/p>\n<p><strong>Un \u00a0morceau \u00a0d\u2019histoire \u00a0contemporaine \u00a0exclusif <\/strong><\/p>\n<p><strong>Strictement limit\u00e9 \u00e0 9.845 exemplaires de collectionneur pour le monde entier<\/strong><\/p>\n<ul>\n<ul>\n<li>Gravure int\u00e9rieure tridimensionnelle au laser d\u2019une pr\u00e9cision de 0,05 mm,<br \/>\nmunie de d\u00e9tails techniques transparents du Fi 103 (V1)<\/li>\n<li>Verre optique (BK 9) de haute qualit\u00e9, poli \u00e0 la main<br \/>\nDimensions : 140 x 80 x 80 mm \u00a0\/ \u00a0Poids : \u00a0env. 2,2 kg<\/li>\n<li>La limitation exacte \u00e0 9.845 exemplaires fut choisie parce que 9.000 V1 environ ont \u00e9t\u00e9 tir\u00e9s avec Londres comme cible, le dernier le 28 mars 1945, en association avec la date de la fin de la guerre le 8 mai 1945 (845).<br \/>\nLes exemplaires de collectionneur furent num\u00e9rot\u00e9s cons\u00e9cutivement.<\/li>\n<li>Le pied du bloc de verre taill\u00e9 de haute qualit\u00e9 se compose d\u2019une brique originale polie \u00e0 la main provenant des b\u00e2timents dans lesquels s\u2019est fait le montage final des V1 \u00e0 Neu-Tramm.<\/li>\n<\/ul>\n","protected":false},"excerpt":{"rendered":"<div class=\"inklversand\">et port  compris<\/div>\n<p>Briques originales provenant des b\u00e2timents dans lesquels s\u2019est fait le montage final des V1<\/p>\n<p>Strictement limit\u00e9 \u00e0 9.845 exemplaires de collectionneur pour le monde entier<\/p>\n","protected":false},"featured_media":1888,"template":"","meta":{"_monsterinsights_skip_tracking":false,"_monsterinsights_sitenote_active":false,"_monsterinsights_sitenote_note":"","_monsterinsights_sitenote_category":0,"spay_email":"","jetpack_publicize_message":"","jetpack_is_tweetstorm":false},"jetpack_publicize_connections":[],"_links":{"self":[{"href":"https:\/\/v1-neutramm.de\/fr\/wp-json\/wp\/v2\/product\/1169\/"}],"collection":[{"href":"https:\/\/v1-neutramm.de\/fr\/wp-json\/wp\/v2\/product\/"}],"about":[{"href":"https:\/\/v1-neutramm.de\/fr\/wp-json\/wp\/v2\/types\/product\/"}],"wp:featuredmedia":[{"embeddable":true,"href":"https:\/\/v1-neutramm.de\/fr\/wp-json\/wp\/v2\/media\/1888\/"}],"wp:attachment":[{"href":"https:\/\/v1-neutramm.de\/fr\/wp-json\/wp\/v2\/media\/?parent=1169"}],"curies":[{"name":"wp","href":"https:\/\/api.w.org\/{rel}","templated":true}]}}