{"id":1339,"date":"2018-12-07T16:49:03","date_gmt":"2018-12-07T15:49:03","guid":{"rendered":"https:\/\/v1-neutramm.de\/v1-home-siebte-version\/"},"modified":"2018-12-12T09:18:36","modified_gmt":"2018-12-12T08:18:36","slug":"v1-home-siebte-version","status":"publish","type":"page","link":"https:\/\/v1-neutramm.de\/zh-hans\/v1-home-siebte-version\/","title":{"rendered":"v1: Home \u2013 SIEBTE VERSION CN"},"content":{"rendered":"<div id=\"cs-content\" class=\"cs-content\" ><div id=\"x-section-1\" class=\"x-section bg-centerbottom bg-image\" style=\"margin: 0px;padding: 5% 0px; background-image: url(https:\/\/v1-neutramm.de\/wp-content\/uploads\/v1-Sektion1-bg.jpg); background-color: #ffffff;\"  data-x-element=\"section\" data-x-params=\"{&quot;type&quot;:&quot;image&quot;,&quot;parallax&quot;:false}\" ><div class=\"x-container max width\" style=\"margin: 0px auto;padding: 0px;\"  ><div  class=\"x-column x-sm x-1-2\" style=\"padding: 0px;\" >\n<hr class=\"e1339-4 x-line  x-hide- x-hide-xl\" ><h4  class=\"h-custom-headline man h4\" style=\"color: hsl(0, 0%, 100%);\"><span><span style=\"background-color: #0083bf; padding: 0 5px;\">Weltweit exklusiv und weltweit streng limitiert<\/span><\/span><\/h4>\n<hr class=\"e1339-6 x-line\" ><h1  class=\"h-custom-headline man h2\" style=\"color: hsl(0, 0%, 100%);padding-top:10px;\"><span>Mit Original-Ziegelsteinen aus den Geb\u00e4uden, in denen die V1 endmontiert wurde<\/span><\/h1>\n<hr class=\"e1339-8 x-line  x-hide- x-hide-lg x-hide-md x-hide-sm x-hide-xs\" >\n<hr class=\"e1339-9 x-line  x-hide- x-hide-sm x-hide-xl x-hide-xs\" >\n<hr class=\"e1339-10 x-line  x-hide- x-hide-lg x-hide-md x-hide-xl\" ><h5  class=\"h-custom-headline man h5\" style=\"color: hsl(0, 0%, 100%);\"><span>EUR 478,- brutto inkl. Versand<\/span><\/h5>\n<hr class=\"e1339-12 x-line\" ><a  class=\"x-btn x-btn-rounded x-btn-large\" style=\"margin-bottom: 50px;\" href=\"https:\/\/v1-neutramm.de\/zh-hans\/produkt\/v1-%e7%8b%ac%e5%ae%b6%e6%94%b6%e8%97%8f%e7%89%88\/\"     data-options=\"thumbnail: ''\"><i  class=\"x-icon mvn mln mrs x-icon-shopping-cart\" data-x-icon-s=\"&#xf07a;\" aria-hidden=\"true\"><\/i>Jetzt bestellen<\/a><\/div><div  class=\"x-column x-sm x-1-2\" style=\"padding: 0px;opacity: 0; transform: translate(95px, 0); transition-duration: 1050ms;\" data-x-element=\"column\" data-x-params=\"{&quot;fade&quot;:true}\"  data-fade=\"true\"><img  class=\"x-img x-img-none\"  src=\"https:\/\/v1-neutramm.de\/wp-content\/uploads\/V1-3Dmodell-beschriftet.png\" >\n<hr class=\"e1339-16 x-line  x-hide- x-hide-xl\" ><\/div><\/div><\/div><div id=\"x-section-2\" class=\"x-section\" style=\"margin: 0px;padding: 3% 0px; background-color: hsl(0, 0%, 100%);\"  ><div class=\"x-section-separator x-section-separator-top x-section-separator-angle-in\" style=\"top: 0px; height: 50px;\"><svg xmlns=\"http:\/\/www.w3.org\/2000\/svg\" version=\"1.1\" viewBox=\"0 0 100 100\" preserveAspectRatio=\"none\" class=\"angle-top-in\" style=\"fill: hsl(0, 0%, 100%);\"><polygon points=\"0,100 50,100 0,0\"\/><polygon points=\"50,100 100,100 100,0\"\/><\/svg><\/div><div class=\"x-container max width\" style=\"margin: 0px auto;padding: 0px;\"  ><div  class=\"x-column x-sm x-1-2\" style=\"padding: 0px;\" >\n<hr class=\"e1339-24 x-line  x-hide- x-hide-lg x-hide-md x-hide-xl\" ><a  class=\"x-img x-img-link x-img-thumbnail\"  href=\"wp-content\/uploads\/herkunftsbestaetigung-ger.pdf\"  target=\"_blank\"   data-options=\"thumbnail: 'https:\/\/v1-neutramm.de\/wp-content\/uploads\/cert-ger.png'\"><img src=\"https:\/\/v1-neutramm.de\/wp-content\/uploads\/cert-ger.png\" alt=\"Herkunftsbest\u00e4tigung\"><\/a><\/div><div  class=\"x-column x-sm x-1-2\" style=\"padding: 0px;\" >\n<hr class=\"e1339-27 x-line  x-hide- x-hide-lg x-hide-md x-hide-xl\" ><h4  class=\"h-custom-headline man h4\" style=\"color: hsl(0, 0%, 100%);\"><span><span style=\"background-color: #0083bf; padding: 0 5px;\">Ein exklusives St\u00fcck Zeitgeschichte<\/span><br \/>\n<\/span><\/h4>\n<hr class=\"e1339-29 x-line\" ><h2  class=\"h-custom-headline man h2\" style=\"color: hsl(0, 0%, 0%);\"><span>Weltweit streng limitiert auf 9.845 Sammler-Exemplare<\/span><\/h2>\n<hr class=\"e1339-31 x-line\" ><div class=\"x-text\" style=\"color: #000;\"  ><ul>\n<li>Gelaserte Glasinnengravur in 3D mit einer Genauigkeit von 0,05 mm, versehen mit transparenten technischen Details der Fi 103 (V1)<\/li>\n<li>Qualitativ hochwertiges, handgeschliffenes optisches Glas (BK 9)<br \/>\nMa\u00dfe: 140 x 80 x 80mm \/ Gewicht: ca. 2,2 kg<\/li>\n<li>Die Limitierung auf exakt 9.845 Exemplare wurde gew\u00e4hlt, weil ca. 9.000 V1 mit dem Ziel London verschossen wurden, die letzte am 28. M\u00e4rz 1945, in Kombination mit dem Datum des Kriegsendes am 8. Mai 1945 (845).<br \/>\nDie Sammler-Exemplare werden fortlaufend nummeriert.<\/li>\n<li><strong>Der Sockel<\/strong> des hochwertigen Glasquaders bilden 2 handgeschliffene <strong>Original-Ziegelsteinteile<\/strong> aus den Geb\u00e4uden, in denen die V1 in Neu-Tramm endmontiert worden ist.<\/li>\n<\/ul>\n<\/div>\n<hr class=\"e1339-33 x-line  x-hide- x-hide-lg x-hide-md x-hide-xl\" ><h5  class=\"h-custom-headline man h5\" style=\"color: hsl(0, 0%, 0%);\"><span>EUR 478,- brutto inkl. Versand<\/span><\/h5>\n<hr class=\"e1339-35 x-line\" ><a  class=\"x-btn x-btn-large\"  href=\"https:\/\/v1-neutramm.de\/zh-hans\/produkt\/v1-%e7%8b%ac%e5%ae%b6%e6%94%b6%e8%97%8f%e7%89%88\/\"     data-options=\"thumbnail: ''\"><i  class=\"x-icon mvn mln mrs x-icon-shopping-cart\" data-x-icon-s=\"&#xf07a;\" aria-hidden=\"true\"><\/i>Jetzt bestellen<\/a>\n<hr class=\"e1339-37 x-line  x-hide- x-hide-xl\" ><\/div><\/div><div class=\"x-section-separator x-section-separator-bottom x-section-separator-angle-in\" style=\"bottom: 0px; height: 50px;\"><svg xmlns=\"http:\/\/www.w3.org\/2000\/svg\" version=\"1.1\" viewBox=\"0 0 100 100\" preserveAspectRatio=\"none\" class=\"angle-bottom-in\" style=\"fill: hsl(0, 0%, 100%);\"><polygon points=\"0,0 50,0 0,100\"\/><polygon points=\"50,0 100,0 100,100\"\/><\/svg><\/div><\/div><div id=\"x-section-3\" class=\"x-section cs-hide-md cs-hide-sm cs-hide-xs cs-ta-center bg-video\" style=\"margin: 0px;padding: 5% 0px 43%; background-color: hsl(0, 0%, 0%);\"  data-x-element=\"section\" data-x-params=\"{&quot;type&quot;:&quot;video&quot;}\" ><div  class=\"x-video player bg transparent hide-controls autoplay loop muted\" data-x-element=\"x_mejs\" data-x-params=\"{&quot;poster&quot;:&quot;https:\\\/\\\/v1-neutramm.de\\\/wp-content\\\/uploads\\\/video-mobile-fallback-HQ-extrabig-v2.jpg&quot;}\"  ><script type=\"text\/template\"><div class=\"x-video-inner\"><video class=\"x-mejs has-stack-styles\" poster=\"https:\/\/v1-neutramm.de\/wp-content\/uploads\/video-mobile-fallback-HQ-extrabig-v2.jpg\" preload=\"metadata\" autoplay loop muted><source src=\"\/wp-content\/uploads\/V1_720p_projektionstest6_071118_720p_lq.mp4\" type=\"video\/mp4\"><\/video><\/div><\/script><\/div><div class=\"x-container marginless-columns\" style=\"margin: 0px;padding: 0px;\"  ><div  class=\"x-column x-sm x-1-1\" style=\"padding: 0px;\" >\n<hr class=\"e1339-45 x-line  x-hide- x-hide-xl\" ><h4  class=\"h-custom-headline man h4\" style=\"color: hsl(0, 0%, 100%);\"><span><span style=\"background-color: #0083bf; padding: 0 5px;\">Weltweit streng limitiert auf 9.845 Sammler-Exemplare<\/span><\/span><\/h4>\n<hr class=\"e1339-47 x-line\" ><h2  class=\"h-custom-headline man h2\" style=\"color: #fff;\"><span>Sichern Sie Sich ein exklusives St\u00fcck Zeitgeschichte<\/span><\/h2>\n<hr class=\"e1339-49 x-line\" ><a  class=\"x-btn x-btn-x-large\"  href=\"https:\/\/v1-neutramm.de\/zh-hans\/produkt\/v1-%e7%8b%ac%e5%ae%b6%e6%94%b6%e8%97%8f%e7%89%88\/\"     data-options=\"thumbnail: ''\"><i  class=\"x-icon mvn mln mrs x-icon-shopping-cart\" data-x-icon-s=\"&#xf07a;\" aria-hidden=\"true\"><\/i>Jetzt bestellen<\/a>\n<hr class=\"e1339-51 x-line  x-hide- x-hide-lg x-hide-xl\" >\n<hr class=\"e1339-52 x-line  x-hide- x-hide-md x-hide-sm x-hide-xl x-hide-xs\" ><\/div><\/div><\/div><div id=\"x-section-4\" class=\"x-section cs-hide-lg cs-hide-xl\" style=\"margin: 0px;padding: 5% 0px; background-color: hsl(0, 0%, 0%);\"  ><div class=\"x-container cs-ta-center marginless-columns\" style=\"margin: 0px auto;padding: 0px;\"  ><div  class=\"x-column x-sm x-1-1\" style=\"padding: 0px;\" >\n<hr class=\"e1339-61 x-line\" ><h4  class=\"h-custom-headline man h4\" style=\"color: hsl(0, 0%, 100%);\"><span><span style=\"background-color: #0083bf; padding: 0 5px;\">Weltweit streng limitiert auf 9.845 Sammler-Exemplare<\/span><\/span><\/h4>\n<hr class=\"e1339-63 x-line\" ><h2  class=\"h-custom-headline man h2\" style=\"color: #fff;\"><span>Sichern Sie Sich ein exklusives St\u00fcck Zeitgeschichte<\/span><\/h2>\n<hr class=\"e1339-65 x-line\" ><a  class=\"x-btn x-btn-x-large\"  href=\"https:\/\/v1-neutramm.de\/zh-hans\/produkt\/v1-%e7%8b%ac%e5%ae%b6%e6%94%b6%e8%97%8f%e7%89%88\/\"     data-options=\"thumbnail: ''\"><i  class=\"x-icon mvn mln mrs x-icon-shopping-cart\" data-x-icon-s=\"&#xf07a;\" aria-hidden=\"true\"><\/i>Jetzt bestellen<\/a>\n<hr class=\"e1339-67 x-line\" >\n<div class=\"e1339-68 x-frame x-frame-video-embed\" >\n  <div class=\"x-frame-inner\">\n    \n<div class=\"e1339-68 x-video x-video-embed\" >\n  <iframe width=\"560\" height=\"315\" src=\"https:\/\/www.youtube.com\/embed\/Aloi-XI_Hyc?version=3&loop=1&playlist=Aloi-XI_Hyc&autoplay=0&controls=0&fs=0&modestbranding=1\" frameborder=\"0\" allow=\"accelerometer; autoplay; encrypted-media; gyroscope; picture-in-picture\" allowfullscreen><\/iframe><\/div>\n  <\/div>\n<\/div>\n\n<hr class=\"e1339-69 x-line\" ><\/div><\/div><\/div><div id=\"x-section-5\" class=\"x-section\" style=\"margin: 0px;padding: 3% 0px; background-color: hsl(0, 0%, 100%);\"  ><div class=\"x-section-separator x-section-separator-top x-section-separator-angle-in\" style=\"top: 0px; height: 50px;\"><svg xmlns=\"http:\/\/www.w3.org\/2000\/svg\" version=\"1.1\" viewBox=\"0 0 100 100\" preserveAspectRatio=\"none\" class=\"angle-top-in\" style=\"fill: hsl(0, 0%, 100%);\"><polygon points=\"0,100 50,100 0,0\"\/><polygon points=\"50,100 100,100 100,0\"\/><\/svg><\/div><div class=\"x-container cs-ta-center max width\" style=\"margin: 0px auto;padding: 0px;\"  ><div  class=\"x-column x-sm x-1-1\" style=\"padding: 0px;\" >\n<hr class=\"e1339-78 x-line  x-hide- x-hide-lg x-hide-md x-hide-xl\" ><h4  class=\"h-custom-headline man h4\" style=\"color: hsl(0, 0%, 100%);\"><span><span style=\"background-color: #0083bf; padding: 0 5px;\">Der Montageort der V1<\/span><br \/>\n<\/span><\/h4>\n<hr class=\"e1339-80 x-line\" ><h2  class=\"h-custom-headline man h2\" style=\"color: #000;\"><span>Die ehemalige Kaserne Neu-Tramm damals&#8230;<\/span><\/h2>\n<hr class=\"e1339-82 x-line  x-hide- x-hide-sm x-hide-xs\" >\n<hr class=\"e1339-83 x-line  x-hide- x-hide-lg x-hide-md x-hide-xl\" ><\/div><\/div><div class=\"x-container marginless-columns\" style=\"margin: 0px auto;padding: 0px;\"  ><div  class=\"x-column x-sm x-1-5\" style=\"padding: 0px;opacity: 0; transform: translate(400px, 0); transition-duration: 1500ms;\" data-x-element=\"column\" data-x-params=\"{&quot;fade&quot;:true}\"  data-fade=\"true\"><img  class=\"x-img x-img-none\" style=\"margin-bottom: 0 !important;\" src=\"https:\/\/v1-neutramm.de\/wp-content\/uploads\/2018\/11\/v1-galery-3.jpg\" ><\/div><div  class=\"x-column x-sm x-1-5\" style=\"padding: 0px;opacity: 0; transform: translate(100px, 0); transition-duration: 1000ms;\" data-x-element=\"column\" data-x-params=\"{&quot;fade&quot;:true}\"  data-fade=\"true\"><img  class=\"x-img x-img-none\" style=\"margin-bottom: 0 !important;\" src=\"https:\/\/v1-neutramm.de\/wp-content\/uploads\/2018\/11\/v1-galery-2.jpg\" ><\/div><div  class=\"x-column x-sm x-1-5\" style=\"padding: 0px;opacity: 0;transition-duration: 2000ms;\" data-x-element=\"column\" data-x-params=\"{&quot;fade&quot;:true}\"  data-fade=\"true\"><img  class=\"x-img x-img-none\" style=\"margin-bottom: 0 !important;\" src=\"https:\/\/v1-neutramm.de\/wp-content\/uploads\/2018\/11\/v1-galery-10.jpg\" ><\/div><div  class=\"x-column x-sm x-1-5\" style=\"padding: 0px;opacity: 0; transform: translate(-100px, 0); transition-duration: 1000ms;\" data-x-element=\"column\" data-x-params=\"{&quot;fade&quot;:true}\"  data-fade=\"true\"><img  class=\"x-img x-img-none\" style=\"margin-bottom: 0 !important;\" src=\"https:\/\/v1-neutramm.de\/wp-content\/uploads\/2018\/11\/v1-galery-9.jpg\" ><\/div><div  class=\"x-column x-sm x-1-5\" style=\"padding: 0px;opacity: 0; transform: translate(-400px, 0); transition-duration: 1500ms;\" data-x-element=\"column\" data-x-params=\"{&quot;fade&quot;:true}\"  data-fade=\"true\"><img  class=\"x-img x-img-none\" style=\"margin-bottom: 0 !important;\" src=\"https:\/\/v1-neutramm.de\/wp-content\/uploads\/2018\/11\/v1-galery-5.jpg\" ><\/div><\/div><div class=\"x-container cs-ta-center max width\" style=\"margin: 0px auto;padding: 0px;\"  ><div  class=\"x-column x-sm x-1-1\" style=\"padding: 0px;\" >\n<hr class=\"e1339-103 x-line  x-hide- x-hide-lg x-hide-md x-hide-xl\" >\n<hr class=\"e1339-104 x-line  x-hide- x-hide-sm x-hide-xs\" ><h2  class=\"h-custom-headline man h2\" style=\"color: #000;\"><span>&#8230;und heute<\/span><\/h2>\n<hr class=\"e1339-106 x-line  x-hide- x-hide-sm x-hide-xs\" >\n<hr class=\"e1339-107 x-line  x-hide- x-hide-lg x-hide-md x-hide-xl\" ><\/div><\/div><div class=\"x-container marginless-columns\" style=\"margin: 0px auto;padding: 0px;\"  ><div  class=\"x-column x-sm x-1-5\" style=\"padding: 0px;opacity: 0; transform: translate(400px, 0); transition-duration: 1500ms;\" data-x-element=\"column\" data-x-params=\"{&quot;fade&quot;:true}\"  data-fade=\"true\"><img  class=\"x-img x-img-none\" style=\"margin-bottom: 0 !important;\" src=\"https:\/\/v1-neutramm.de\/wp-content\/uploads\/v1-galery-saturn5NEW2.jpg\" ><\/div><div  class=\"x-column x-sm x-1-5\" style=\"padding: 0px;opacity: 0; transform: translate(100px, 0); transition-duration: 1000ms;\" data-x-element=\"column\" data-x-params=\"{&quot;fade&quot;:true}\"  data-fade=\"true\"><img  class=\"x-img x-img-none\" style=\"margin-bottom: 0 !important;\" src=\"https:\/\/v1-neutramm.de\/wp-content\/uploads\/galery-v1-neuzeit1.jpg\" ><\/div><div  class=\"x-column x-sm x-1-5\" style=\"padding: 0px;opacity: 0;transition-duration: 2000ms;\" data-x-element=\"column\" data-x-params=\"{&quot;fade&quot;:true}\"  data-fade=\"true\"><img  class=\"x-img x-img-none\" style=\"margin-bottom: 0 !important;\" src=\"https:\/\/v1-neutramm.de\/wp-content\/uploads\/2018\/11\/gallery10.jpg\" ><\/div><div  class=\"x-column x-sm x-1-5\" style=\"padding: 0px;opacity: 0; transform: translate(-100px, 0); transition-duration: 1000ms;\" data-x-element=\"column\" data-x-params=\"{&quot;fade&quot;:true}\"  data-fade=\"true\"><img  class=\"x-img x-img-none\" style=\"margin-bottom: 0 !important;\" src=\"https:\/\/v1-neutramm.de\/wp-content\/uploads\/galery-v1-neuzeit4.jpg\" ><\/div><div  class=\"x-column x-sm x-1-5\" style=\"padding: 0px;opacity: 0; transform: translate(-400px, 0); transition-duration: 1500ms;\" data-x-element=\"column\" data-x-params=\"{&quot;fade&quot;:true}\"  data-fade=\"true\"><img  class=\"x-img x-img-none\" style=\"margin-bottom: 0 !important;\" src=\"https:\/\/v1-neutramm.de\/wp-content\/uploads\/galery-v1-neuzeit5.jpg\" ><\/div><\/div><div class=\"x-container cs-ta-center max width\" style=\"margin: 0px auto;padding: 0px;\"  ><div  class=\"x-column x-sm x-1-1\" style=\"padding: 0px;\" >\n<hr class=\"e1339-127 x-line  x-hide- x-hide-sm x-hide-xs\" >\n<hr class=\"e1339-128 x-line  x-hide- x-hide-lg x-hide-md x-hide-xl\" ><a  class=\"x-btn x-btn-small\"  href=\"\/wp-content\/uploads\/WVG-Brosch\u00fcre-2018.pdf\" title=\"Informationen zur Liegenschaft\" target=\"_blank\"   data-options=\"thumbnail: ''\"><i  class=\"x-icon mvn mln mrs x-icon-info-circle\" data-x-icon-s=\"&#xf05a;\" aria-hidden=\"true\"><\/i>Weitere Informationen zur Liegenschaft<\/a>\n<hr class=\"e1339-130 x-line\" ><\/div><\/div><div class=\"x-section-separator x-section-separator-bottom x-section-separator-angle-in\" style=\"bottom: 0px; height: 50px;\"><svg xmlns=\"http:\/\/www.w3.org\/2000\/svg\" version=\"1.1\" viewBox=\"0 0 100 100\" preserveAspectRatio=\"none\" class=\"angle-bottom-in\" style=\"fill: hsl(0, 0%, 100%);\"><polygon points=\"0,0 50,0 0,100\"\/><polygon points=\"50,0 100,0 100,100\"\/><\/svg><\/div><\/div><div id=\"x-section-6\" class=\"x-section bg-image\" style=\"margin: 0px;padding: 5% 0px; background-image: url(https:\/\/v1-neutramm.de\/wp-content\/uploads\/sektion5-bgV5.jpg); background-color: #151515;\"  data-x-element=\"section\" data-x-params=\"{&quot;type&quot;:&quot;image&quot;,&quot;parallax&quot;:false}\" ><div class=\"x-container max width\" style=\"margin: 0px auto;padding: 0px;\"  ><div  class=\"x-column x-sm x-1-2\" style=\"padding: 0px;\" >\n<hr class=\"e1339-139 x-line  x-hide- x-hide-xl\" ><h4  class=\"h-custom-headline man h4\" style=\"color: hsl(0, 0%, 100%);\"><span><span style=\"background-color: #0083bf; padding: 0 5px;\">Der Beginn der Raumfahrt &#8211; Ihrer Zeit weit voraus<\/span><\/span><\/h4>\n<hr class=\"e1339-141 x-line\" ><h2  class=\"h-custom-headline man h2\" style=\"color: hsl(0, 0%, 100%);\"><span>Was hat die Fieseler Fi 103 (V1) so besonders gemacht?<\/span><\/h2>\n<hr class=\"e1339-143 x-line\" ><div class=\"x-text\" style=\"color: #fff;\"  ><p class=\"man\">Die Geschichte der Lenkflugk\u00f6rper begann mit dem Start der Fieseler Fi 103 auf Usedom. Die Fieseler Fi 103 (V1) war der weltweit erste milit\u00e4risch eingesetzte Marschflugk\u00f6rper (cruise missile). Die deutsche &#8220; Vergeltungswaffe &#8220; V1 wurde genutzt f\u00fcr Angriffe auf London und Antwerpen . Im Gegensatz zu den modernen Marschflugk\u00f6rpern war dieser nur mit einem einfachen Autopiloten ausger\u00fcstet. Der Entwurf der Fernbombe Fieseler Fi 103 (V1) beruht auf Ideen von Robert Lusser (1899-1969), Ingenieur, Kunstflieger und Flugzeugentwickler. Hier ein paar wichtige Ereignisse in chronologischer Reihenfolge:<\/p>\n<ul>\n<li style=\"list-style-type: none;\">\n<ul>\n<li class=\"man\"><strong>1942<\/strong> Konstruktion Fieseler Fi-103 (V1) in Kassel<\/li>\n<\/ul>\n<\/li>\n<\/ul>\n<ul>\n<li style=\"list-style-type: none;\">\n<ul>\n<li class=\"man\"><strong>12.6.1944<\/strong> Erster V1-Angriff gegen London<\/li>\n<\/ul>\n<\/li>\n<\/ul>\n<ul>\n<li style=\"list-style-type: none;\">\n<ul>\n<li class=\"man\"><strong>22.6.1944<\/strong> 1000. V1 abgefeuert<\/li>\n<\/ul>\n<\/li>\n<\/ul>\n<ul>\n<li class=\"man\"><strong>30.3.1945<\/strong> Letzter V 1- Start<\/li>\n<\/ul>\n<p>Die V1 war mit ihrem Pulsstrahltriebwerk und ihrer Flugh\u00f6he von 760 m eine Vorl\u00e4uferin der V2, die \u00fcber ein Raketentriebwerk verf\u00fcgte.<\/p>\n<p>Der 1943 zum Generalmajor und Kommandeur der Heeresversuchsanstalt Peenem\u00fcnde ernannte <strong>Walter Dornberger<\/strong> \u00e4u\u00dferte am 3. Oktober 1942:<br \/>\n\u201eWir haben mit unserer Rakete in den Weltraum gegriffen und zum ersten Mal den Weltraum als Br\u00fccke zwischen zwei Punkten auf der Erde benutzt. Wir haben bewiesen, dass der Raketenantrieb f\u00fcr die Raumfahrt brauchbar ist.\u201c<br \/>\n<strong>Der Start in Peenem\u00fcnde legte die Grundlage f\u00fcr die Raumfahrt bis heute.<\/strong><\/p>\n<\/div>\n<hr class=\"e1339-145 x-line  x-hide- x-hide-xl\" ><\/div><div  class=\"x-column x-sm x-1-2\" style=\"padding: 0px;\" >\n<hr class=\"e1339-147 x-line  x-hide- x-hide-lg x-hide-md x-hide-sm x-hide-xs\" >\n<hr class=\"e1339-148 x-line  x-hide- x-hide-md x-hide-sm x-hide-xl x-hide-xs\" >\n<hr class=\"e1339-149 x-line  x-hide- x-hide-lg x-hide-sm x-hide-xl x-hide-xs\" ><img  class=\"x-img x-img-none\"  src=\"https:\/\/v1-neutramm.de\/wp-content\/uploads\/v1-modell-blue-wolken-1.png\" ><\/div><\/div><\/div><div id=\"x-section-7\" class=\"x-section\" style=\"margin: 0px;padding: 5% 0px; background-color: hsl(0, 0%, 100%);\"  ><div class=\"x-section-separator x-section-separator-top x-section-separator-angle-in\" style=\"top: 0px; height: 50px;\"><svg xmlns=\"http:\/\/www.w3.org\/2000\/svg\" version=\"1.1\" viewBox=\"0 0 100 100\" preserveAspectRatio=\"none\" class=\"angle-top-in\" style=\"fill: hsl(0, 0%, 100%);\"><polygon points=\"0,100 50,100 0,0\"\/><polygon points=\"50,100 100,100 100,0\"\/><\/svg><\/div><div class=\"x-container max width\" style=\"margin: 0px auto;padding: 0px;\"  ><div  class=\"x-column x-sm x-1-2\" style=\"padding: 0px;\" >\n<hr class=\"e1339-158 x-line  x-hide- x-hide-lg x-hide-md x-hide-xl\" ><img  class=\"x-img x-img-none\"  src=\"https:\/\/v1-neutramm.de\/wp-content\/uploads\/krebshilfe-drk-v2.jpg\" ><\/div><div  class=\"x-column x-sm x-1-2\" style=\"padding: 0px;\" ><h4  class=\"h-custom-headline man h4\" style=\"color: hsl(0, 0%, 100%);\"><span><span style=\"background-color: #0083bf; padding: 0 5px;\">In Kooperation mit dem Deutschen Roten Kreuz<\/span><\/span><\/h4>\n<hr class=\"e1339-162 x-line\" ><h2  class=\"h-custom-headline man h2\" style=\"color: #000;\"><span>Durch Ihre Bestellung unterst\u00fctzen Sie an Krebs erkrankte Kinder mit einem Betrag von EUR 20,00<\/span><\/h2>\n<hr class=\"e1339-164 x-line  x-hide- x-hide-lg x-hide-md x-hide-sm x-hide-xs\" >\n<hr class=\"e1339-165 x-line  x-hide- x-hide-sm x-hide-xl x-hide-xs\" >\n<hr class=\"e1339-166 x-line  x-hide- x-hide-lg x-hide-md x-hide-xl\" ><a  class=\"x-btn x-btn-large\"  href=\"#\"     data-options=\"thumbnail: ''\"><i  class=\"x-icon mvn mln mrs x-icon-child\" data-x-icon-s=\"&#xf1ae;\" aria-hidden=\"true\"><\/i>Jetzt mit Ihrer Bestellung spenden<\/a>\n<hr class=\"e1339-168 x-line  x-hide- x-hide-lg x-hide-md x-hide-xl\" ><\/div><\/div><\/div><span id=\"x-responsive-text-1\" data-x-element=\"responsive_text\" data-x-params=\"{&quot;selector&quot;:&quot;.resp-h&quot;,&quot;compression&quot;:&quot;0.95&quot;,&quot;minFontSize&quot;:&quot;32px&quot;,&quot;maxFontSize&quot;:&quot;54px&quot;}\" ><\/span><span id=\"x-responsive-text-2\" data-x-element=\"responsive_text\" data-x-params=\"{&quot;selector&quot;:&quot;.resp-p&quot;,&quot;compression&quot;:&quot;2.5&quot;,&quot;minFontSize&quot;:&quot;16px&quot;,&quot;maxFontSize&quot;:&quot;21px&quot;}\" ><\/span><\/div>\n","protected":false},"excerpt":{"rendered":"","protected":false},"author":1,"featured_media":0,"parent":0,"menu_order":0,"comment_status":"closed","ping_status":"closed","template":"template-blank-4.php","meta":{"_monsterinsights_skip_tracking":false,"_monsterinsights_sitenote_active":false,"_monsterinsights_sitenote_note":"","_monsterinsights_sitenote_category":0,"spay_email":""},"jetpack_shortlink":"https:\/\/wp.me\/Patrgq-lB","_links":{"self":[{"href":"https:\/\/v1-neutramm.de\/zh-hans\/wp-json\/wp\/v2\/pages\/1339\/"}],"collection":[{"href":"https:\/\/v1-neutramm.de\/zh-hans\/wp-json\/wp\/v2\/pages\/"}],"about":[{"href":"https:\/\/v1-neutramm.de\/zh-hans\/wp-json\/wp\/v2\/types\/page\/"}],"author":[{"embeddable":true,"href":"https:\/\/v1-neutramm.de\/zh-hans\/wp-json\/wp\/v2\/users\/1\/"}],"replies":[{"embeddable":true,"href":"https:\/\/v1-neutramm.de\/zh-hans\/wp-json\/wp\/v2\/comments\/?post=1339"}],"version-history":[{"count":8,"href":"https:\/\/v1-neutramm.de\/zh-hans\/wp-json\/wp\/v2\/pages\/1339\/revisions\/"}],"predecessor-version":[{"id":1475,"href":"https:\/\/v1-neutramm.de\/zh-hans\/wp-json\/wp\/v2\/pages\/1339\/revisions\/1475\/"}],"wp:attachment":[{"href":"https:\/\/v1-neutramm.de\/zh-hans\/wp-json\/wp\/v2\/media\/?parent=1339"}],"curies":[{"name":"wp","href":"https:\/\/api.w.org\/{rel}","templated":true}]}}